{"id":66,"date":"2022-06-13T14:21:34","date_gmt":"2022-06-13T12:21:34","guid":{"rendered":"http:\/\/www.msprevention.fr\/?page_id=66"},"modified":"2022-06-13T16:24:42","modified_gmt":"2022-06-13T14:24:42","slug":"partenaires","status":"publish","type":"page","link":"https:\/\/www.msprevention.fr\/index.php\/partenaires\/","title":{"rendered":"Partenaires"},"content":{"rendered":"\n<div class=\"wp-block-columns is-layout-flex wp-container-core-columns-is-layout-9d6595d7 wp-block-columns-is-layout-flex\">\n<div class=\"wp-block-column is-layout-flow wp-block-column-is-layout-flow\">\n<figure class=\"wp-block-image size-full\"><img loading=\"lazy\" decoding=\"async\" width=\"725\" height=\"369\" src=\"http:\/\/www.msprevention.fr\/wp-content\/uploads\/2022\/06\/frequence-conseil.jpg\" alt=\"\" class=\"wp-image-143\" srcset=\"https:\/\/www.msprevention.fr\/wp-content\/uploads\/2022\/06\/frequence-conseil.jpg 725w, https:\/\/www.msprevention.fr\/wp-content\/uploads\/2022\/06\/frequence-conseil-300x153.jpg 300w\" sizes=\"auto, (max-width: 725px) 100vw, 725px\" \/><\/figure>\n<\/div>\n\n\n\n<div class=\"wp-block-column is-layout-flow wp-block-column-is-layout-flow\">\n<h2 class=\"wp-block-heading\">FREQUENCE CONSEIL<\/h2>\n\n\n\n<p>Cr\u00e9e en 2011, FREQUENCE CONSEIL propose des services de Conseil,&nbsp;de Formation, d\u2019Audit, d\u2019externalisation et d\u2019Accompagnement en mati\u00e8re de Management de la Qualit\u00e9, Management de la sant\u00e9 et s\u00e9curit\u00e9 au travail et de Pr\u00e9vention des risques professionnels.<\/p>\n<\/div>\n<\/div>\n\n\n<a class=\"wp-block-read-more\" href=\"https:\/\/www.msprevention.fr\/index.php\/partenaires\/\" target=\"_blank\"><a href=\"https:\/\/www.frequenceconseil.com\/\">Fr\u00e9quence Conseil | Audit, Formations Qualit\u00e9 et S\u00e9curit\u00e9 (frequenceconseil.com)<\/a><span class=\"screen-reader-text\">\u00a0: Partenaires<\/span><\/a>\n\n<a class=\"wp-block-read-more\" href=\"https:\/\/www.msprevention.fr\/index.php\/partenaires\/\" target=\"_blank\"><a href=\"https:\/\/www.frequenceconseil.com\/\">Fr\u00e9quence Conseil | Audit, Formations Qualit\u00e9 et S\u00e9curit\u00e9 (frequenceconseil.com)<\/a><span class=\"screen-reader-text\">\u00a0: Partenaires<\/span><\/a>","protected":false},"excerpt":{"rendered":"<p>FREQUENCE CONSEIL Cr\u00e9e en 2011, FREQUENCE CONSEIL propose des services de Conseil,&nbsp;de Formation, d\u2019Audit, d\u2019externalisation et d\u2019Accompagnement en mati\u00e8re de Management de la Qualit\u00e9, Management de la sant\u00e9 et s\u00e9curit\u00e9 au travail et de Pr\u00e9vention des risques professionnels.<\/p>\n","protected":false},"author":2,"featured_media":0,"parent":0,"menu_order":0,"comment_status":"closed","ping_status":"closed","template":"","meta":{"neve_meta_sidebar":"","neve_meta_container":"","neve_meta_enable_content_width":"","neve_meta_content_width":0,"neve_meta_title_alignment":"","neve_meta_author_avatar":"","neve_post_elements_order":"","neve_meta_disable_header":"","neve_meta_disable_footer":"","neve_meta_disable_title":"","footnotes":""},"class_list":["post-66","page","type-page","status-publish","hentry"],"_links":{"self":[{"href":"https:\/\/www.msprevention.fr\/index.php\/wp-json\/wp\/v2\/pages\/66","targetHints":{"allow":["GET"]}}],"collection":[{"href":"https:\/\/www.msprevention.fr\/index.php\/wp-json\/wp\/v2\/pages"}],"about":[{"href":"https:\/\/www.msprevention.fr\/index.php\/wp-json\/wp\/v2\/types\/page"}],"author":[{"embeddable":true,"href":"https:\/\/www.msprevention.fr\/index.php\/wp-json\/wp\/v2\/users\/2"}],"replies":[{"embeddable":true,"href":"https:\/\/www.msprevention.fr\/index.php\/wp-json\/wp\/v2\/comments?post=66"}],"version-history":[{"count":7,"href":"https:\/\/www.msprevention.fr\/index.php\/wp-json\/wp\/v2\/pages\/66\/revisions"}],"predecessor-version":[{"id":149,"href":"https:\/\/www.msprevention.fr\/index.php\/wp-json\/wp\/v2\/pages\/66\/revisions\/149"}],"wp:attachment":[{"href":"https:\/\/www.msprevention.fr\/index.php\/wp-json\/wp\/v2\/media?parent=66"}],"curies":[{"name":"wp","href":"https:\/\/api.w.org\/{rel}","templated":true}]}}