{"id":64,"date":"2022-06-13T14:21:12","date_gmt":"2022-06-13T12:21:12","guid":{"rendered":"http:\/\/www.msprevention.fr\/?page_id=64"},"modified":"2022-11-10T16:37:56","modified_gmt":"2022-11-10T15:37:56","slug":"conseil","status":"publish","type":"page","link":"https:\/\/www.msprevention.fr\/index.php\/conseil\/","title":{"rendered":"Conseils"},"content":{"rendered":"\n<p><strong>Nous pouvons vous accompagner dans vos d\u00e9marches de pr\u00e9vention des risques professionnels sur diff\u00e9rentes th\u00e9matiques:<\/strong><\/p>\n\n\n\n<ul class=\"wp-block-list\" id=\"block-6a6b3e13-1df6-4509-90a6-ae4f40e93146\">\n<li>Cr\u00e9ation et mise \u00e0 jour de votre Document Unique d&rsquo;Evaluation des Risques Professionnels<\/li>\n\n\n\n<li>Mise \u00e0 jour documentaire<\/li>\n\n\n\n<li>Cr\u00e9ation de Fiches de poste s\u00e9curit\u00e9<\/li>\n\n\n\n<li>Organisation de votre Formation \u00e1 la s\u00e9curit\u00e9 (livret d&rsquo;accueil)<\/li>\n\n\n\n<li>Plan de pr\u00e9vention<\/li>\n\n\n\n<li>Mise en place d&rsquo;ateliers pr\u00e9vention<\/li>\n\n\n\n<li>Diagnostic s\u00e9curit\u00e9<\/li>\n\n\n\n<li>Accompagnement dans votre d\u00e9marche de pr\u00e9vention des Risques Psychosociaux<\/li>\n\n\n\n<li>Accompagnement et suivi de votre d\u00e9marche de pr\u00e9vention des risques<\/li>\n\n\n\n<li>&#8230;<\/li>\n<\/ul>\n\n\n\n<p>Pour toute autre demande, n&rsquo;h\u00e9sitez pas \u00e0 nous contacter<\/p>\n","protected":false},"excerpt":{"rendered":"<p>Nous pouvons vous accompagner dans vos d\u00e9marches de pr\u00e9vention des risques professionnels sur diff\u00e9rentes th\u00e9matiques: Pour toute autre demande, n&rsquo;h\u00e9sitez pas \u00e0 nous contacter<\/p>\n","protected":false},"author":2,"featured_media":0,"parent":0,"menu_order":0,"comment_status":"closed","ping_status":"closed","template":"","meta":{"neve_meta_sidebar":"","neve_meta_container":"","neve_meta_enable_content_width":"","neve_meta_content_width":0,"neve_meta_title_alignment":"","neve_meta_author_avatar":"","neve_post_elements_order":"","neve_meta_disable_header":"","neve_meta_disable_footer":"","neve_meta_disable_title":"","footnotes":""},"class_list":["post-64","page","type-page","status-publish","hentry"],"_links":{"self":[{"href":"https:\/\/www.msprevention.fr\/index.php\/wp-json\/wp\/v2\/pages\/64","targetHints":{"allow":["GET"]}}],"collection":[{"href":"https:\/\/www.msprevention.fr\/index.php\/wp-json\/wp\/v2\/pages"}],"about":[{"href":"https:\/\/www.msprevention.fr\/index.php\/wp-json\/wp\/v2\/types\/page"}],"author":[{"embeddable":true,"href":"https:\/\/www.msprevention.fr\/index.php\/wp-json\/wp\/v2\/users\/2"}],"replies":[{"embeddable":true,"href":"https:\/\/www.msprevention.fr\/index.php\/wp-json\/wp\/v2\/comments?post=64"}],"version-history":[{"count":5,"href":"https:\/\/www.msprevention.fr\/index.php\/wp-json\/wp\/v2\/pages\/64\/revisions"}],"predecessor-version":[{"id":1295,"href":"https:\/\/www.msprevention.fr\/index.php\/wp-json\/wp\/v2\/pages\/64\/revisions\/1295"}],"wp:attachment":[{"href":"https:\/\/www.msprevention.fr\/index.php\/wp-json\/wp\/v2\/media?parent=64"}],"curies":[{"name":"wp","href":"https:\/\/api.w.org\/{rel}","templated":true}]}}