{"id":42,"date":"2022-06-13T14:20:48","date_gmt":"2022-06-13T12:20:48","guid":{"rendered":"http:\/\/www.msprevention.fr\/?page_id=42"},"modified":"2025-12-08T08:38:13","modified_gmt":"2025-12-08T07:38:13","slug":"a-propos","status":"publish","type":"page","link":"https:\/\/www.msprevention.fr\/index.php\/a-propos\/","title":{"rendered":"\u00c0 propos"},"content":{"rendered":"\n<p><style>\/*! elementor - v3.9.2 - 21-12-2022 *\/<br \/>\n.elementor-heading-title{padding:0;margin:0;line-height:1}.elementor-widget-heading .elementor-heading-title[class*=elementor-size-]>a{color:inherit;font-size:inherit;line-height:inherit}.elementor-widget-heading .elementor-heading-title.elementor-size-small{font-size:15px}.elementor-widget-heading .elementor-heading-title.elementor-size-medium{font-size:19px}.elementor-widget-heading .elementor-heading-title.elementor-size-large{font-size:29px}.elementor-widget-heading .elementor-heading-title.elementor-size-xl{font-size:39px}.elementor-widget-heading .elementor-heading-title.elementor-size-xxl{font-size:59px}<\/style><\/p>\n\n\n\n<h4 class=\"wp-block-heading\"><\/h4>\n\n\n\n<p><style>\/*! elementor - v3.9.2 - 21-12-2022 *\/<br \/>\n.elementor-widget-image{text-align:center}.elementor-widget-image a{display:inline-block}.elementor-widget-image a img[src$=\".svg\"]{width:48px}.elementor-widget-image img{vertical-align:middle;display:inline-block}<\/style><\/p>\n\n\n\n<figure class=\"wp-block-image size-full is-resized\"><img loading=\"lazy\" decoding=\"async\" width=\"940\" height=\"788\" src=\"https:\/\/www.msprevention.fr\/wp-content\/uploads\/2025\/12\/Photo-signature-mail-rond.png\" alt=\"\" class=\"wp-image-1874\" style=\"width:287px;height:auto\" srcset=\"https:\/\/www.msprevention.fr\/wp-content\/uploads\/2025\/12\/Photo-signature-mail-rond.png 940w, https:\/\/www.msprevention.fr\/wp-content\/uploads\/2025\/12\/Photo-signature-mail-rond-300x251.png 300w, https:\/\/www.msprevention.fr\/wp-content\/uploads\/2025\/12\/Photo-signature-mail-rond-768x644.png 768w\" sizes=\"auto, (max-width: 940px) 100vw, 940px\" \/><\/figure>\n\n\n\n<h4 class=\"wp-block-heading\" id=\"morgane-seznec\">Morgane SEZNEC, g\u00e9rante de MS PREVENTION<\/h4>\n\n\n\n<p><strong>Mon domaine de comp\u00e9tence&nbsp;:<\/strong><br>La&nbsp;pr\u00e9vention des risques professionnels<br><strong>Mon projet p\u00e9dagogique :<\/strong><br>Faire prendre conscience que la pr\u00e9vention des risques professionnels est un enjeu majeur pour la bonne marche d\u2019une entreprise.<br><strong>Mon&nbsp;exp\u00e9rience :<\/strong><br>25 ans d&rsquo;expertise en mati\u00e8re de formation &amp; conseil aupr\u00e8s des entreprises et des acteurs de la pr\u00e9vention des risques professionnels apr\u00e8s un poste d\u2019animatrice Qualit\u00e9 et S\u00e9curit\u00e9 dans les Pays de la Loire.<\/p>\n\n\n\n<h4 class=\"wp-block-heading\">Mes valeurs<\/h4>\n\n\n\n<ul class=\"wp-block-list\">\n<li><strong>La bienveillance<br><\/strong>Mettre l\u2019humain au centre des interventions pour permettre \u00e0 chaque stagiaire de se sentir \u00e0 sa place.<\/li>\n\n\n\n<li><strong>La simplicit\u00e9<br><\/strong>D\u00e9sacraliser le vocabulaire SSCT pour rendre la formation accessible \u00e0 chacun, peu importe son domaine et sa qualification.<\/li>\n\n\n\n<li><strong>L\u2019adaptabilit\u00e9<br><\/strong>Prendre en compte chaque situation, chaque question\u2026<\/li>\n<\/ul>\n\n\n\n<p><a role=\"button\" href=\"https:\/\/www.linkedin.com\/in\/morgane-seznec-\/\"><br>Mon profil LinkedIn<br><\/a><\/p>\n\n\n\n<h4 class=\"wp-block-heading\">Taux global de satisfaction 2024<\/h4>\n\n\n\n<p><style>\/*! elementor - v3.9.2 - 21-12-2022 *\/<br \/>\n.elementor-widget-divider{--divider-border-style:none;--divider-border-width:1px;--divider-color:#2c2c2c;--divider-icon-size:20px;--divider-element-spacing:10px;--divider-pattern-height:24px;--divider-pattern-size:20px;--divider-pattern-url:none;--divider-pattern-repeat:repeat-x}.elementor-widget-divider .elementor-divider{display:flex}.elementor-widget-divider .elementor-divider__text{font-size:15px;line-height:1;max-width:95%}.elementor-widget-divider .elementor-divider__element{margin:0 var(--divider-element-spacing);flex-shrink:0}.elementor-widget-divider .elementor-icon{font-size:var(--divider-icon-size)}.elementor-widget-divider .elementor-divider-separator{display:flex;margin:0;direction:ltr}.elementor-widget-divider--view-line_icon .elementor-divider-separator,.elementor-widget-divider--view-line_text .elementor-divider-separator{align-items:center}.elementor-widget-divider--view-line_icon .elementor-divider-separator:after,.elementor-widget-divider--view-line_icon .elementor-divider-separator:before,.elementor-widget-divider--view-line_text .elementor-divider-separator:after,.elementor-widget-divider--view-line_text .elementor-divider-separator:before{display:block;content:\"\";border-bottom:0;flex-grow:1;border-top:var(--divider-border-width) var(--divider-border-style) var(--divider-color)}.elementor-widget-divider--element-align-left .elementor-divider .elementor-divider-separator>.elementor-divider__svg:first-of-type{flex-grow:0;flex-shrink:100}.elementor-widget-divider--element-align-left .elementor-divider-separator:before{content:none}.elementor-widget-divider--element-align-left .elementor-divider__element{margin-left:0}.elementor-widget-divider--element-align-right .elementor-divider .elementor-divider-separator>.elementor-divider__svg:last-of-type{flex-grow:0;flex-shrink:100}.elementor-widget-divider--element-align-right .elementor-divider-separator:after{content:none}.elementor-widget-divider--element-align-right .elementor-divider__element{margin-right:0}.elementor-widget-divider:not(.elementor-widget-divider--view-line_text):not(.elementor-widget-divider--view-line_icon) .elementor-divider-separator{border-top:var(--divider-border-width) var(--divider-border-style) var(--divider-color)}.elementor-widget-divider--separator-type-pattern{--divider-border-style:none}.elementor-widget-divider--separator-type-pattern.elementor-widget-divider--view-line .elementor-divider-separator,.elementor-widget-divider--separator-type-pattern:not(.elementor-widget-divider--view-line) .elementor-divider-separator:after,.elementor-widget-divider--separator-type-pattern:not(.elementor-widget-divider--view-line) .elementor-divider-separator:before,.elementor-widget-divider--separator-type-pattern:not([class*=elementor-widget-divider--view]) .elementor-divider-separator{width:100%;min-height:var(--divider-pattern-height);-webkit-mask-size:var(--divider-pattern-size) 100%;mask-size:var(--divider-pattern-size) 100%;-webkit-mask-repeat:var(--divider-pattern-repeat);mask-repeat:var(--divider-pattern-repeat);background-color:var(--divider-color);-webkit-mask-image:var(--divider-pattern-url);mask-image:var(--divider-pattern-url)}.elementor-widget-divider--no-spacing{--divider-pattern-size:auto}.elementor-widget-divider--bg-round{--divider-pattern-repeat:round}.rtl .elementor-widget-divider .elementor-divider__text{direction:rtl}.e-con-inner>.elementor-widget-divider,.e-con>.elementor-widget-divider{width:var(--container-widget-width);--flex-grow:var(--container-widget-flex-grow)}<\/style> <style>\/*! elementor - v3.9.2 - 21-12-2022 *\/<br \/>\n.elementor-widget-progress{text-align:left}.elementor-progress-wrapper{position:relative;background-color:#eee;color:#fff;height:100%;border-radius:2px}.elementor-progress-bar{display:flex;background-color:#818a91;width:0;font-size:11px;height:30px;line-height:30px;border-radius:2px;transition:width 1s ease-in-out}.elementor-progress-text{flex-grow:1;white-space:nowrap;text-overflow:ellipsis;overflow:hidden;padding-left:15px}.elementor-progress-percentage{padding-right:15px}.elementor-widget-progress .elementor-progress-wrapper.progress-info .elementor-progress-bar{background-color:#5bc0de}.elementor-widget-progress .elementor-progress-wrapper.progress-success .elementor-progress-bar{background-color:#5cb85c}.elementor-widget-progress .elementor-progress-wrapper.progress-warning .elementor-progress-bar{background-color:#f0ad4e}.elementor-widget-progress .elementor-progress-wrapper.progress-danger .elementor-progress-bar{background-color:#d9534f}.elementor-progress .elementor-title{display:block}@media (max-width:767px){.elementor-progress-text{padding-left:10px}}.e-con-inner .elementor-progress-wrapper,.e-con .elementor-progress-wrapper{height:auto}<\/style><\/p>\n\n\n\n<p>94.56%<\/p>\n\n\n\n<h4 class=\"wp-block-heading\">Taux pour la qualit\u00e9 de l&rsquo;animation 2024<\/h4>\n\n\n\n<p>96.26%<\/p>\n\n\n\n<h4 class=\"wp-block-heading\">Certifications<\/h4>\n\n\n\n<figure class=\"wp-block-image\"><img decoding=\"async\" src=\"http:\/\/www.msprevention.fr\/wp-content\/uploads\/2022\/09\/Logo-QUALIOPI-2021.png\" alt=\"\"\/><\/figure>\n\n\n\n<figure class=\"wp-block-image\"><img decoding=\"async\" src=\"http:\/\/www.msprevention.fr\/wp-content\/uploads\/2022\/09\/prefet-pays-de-la-loire.jpg\" alt=\"\"\/><\/figure>\n\n\n\n<figure class=\"wp-block-image\"><img decoding=\"async\" src=\"http:\/\/www.msprevention.fr\/wp-content\/uploads\/2022\/09\/logo-sauveteur-secouriste-du-travail.png\" alt=\"\"\/><figcaption class=\"wp-element-caption\">N\u00b0 1456 142 2018 SST 01\/O\/10<\/figcaption><\/figure>\n\n\n\n<figure class=\"wp-block-image\"><img decoding=\"async\" src=\"http:\/\/www.msprevention.fr\/wp-content\/uploads\/2022\/09\/logo-iprp.jpg\" alt=\"\"\/><figcaption class=\"wp-element-caption\">Intervenante IPRP n\u00b0 14\/2021<\/figcaption><\/figure>\n","protected":false},"excerpt":{"rendered":"<p>Morgane SEZNEC, g\u00e9rante de MS PREVENTION Mon domaine de comp\u00e9tence&nbsp;:La&nbsp;pr\u00e9vention des risques professionnelsMon projet p\u00e9dagogique :Faire prendre conscience que la pr\u00e9vention des risques professionnels est un enjeu majeur pour la bonne marche d\u2019une entreprise.Mon&nbsp;exp\u00e9rience :25 ans d&rsquo;expertise en mati\u00e8re de formation &amp; conseil aupr\u00e8s des entreprises et des acteurs de la pr\u00e9vention des risques professionnels&hellip;&nbsp;<a href=\"https:\/\/www.msprevention.fr\/index.php\/a-propos\/\" class=\"\" rel=\"bookmark\">Lire la suite &raquo;<span class=\"screen-reader-text\">\u00c0 propos<\/span><\/a><\/p>\n","protected":false},"author":2,"featured_media":0,"parent":0,"menu_order":0,"comment_status":"closed","ping_status":"closed","template":"","meta":{"neve_meta_sidebar":"","neve_meta_container":"","neve_meta_enable_content_width":"on","neve_meta_content_width":100,"neve_meta_title_alignment":"","neve_meta_author_avatar":"","neve_post_elements_order":"","neve_meta_disable_header":"","neve_meta_disable_footer":"","neve_meta_disable_title":"on","footnotes":""},"class_list":["post-42","page","type-page","status-publish","hentry"],"_links":{"self":[{"href":"https:\/\/www.msprevention.fr\/index.php\/wp-json\/wp\/v2\/pages\/42","targetHints":{"allow":["GET"]}}],"collection":[{"href":"https:\/\/www.msprevention.fr\/index.php\/wp-json\/wp\/v2\/pages"}],"about":[{"href":"https:\/\/www.msprevention.fr\/index.php\/wp-json\/wp\/v2\/types\/page"}],"author":[{"embeddable":true,"href":"https:\/\/www.msprevention.fr\/index.php\/wp-json\/wp\/v2\/users\/2"}],"replies":[{"embeddable":true,"href":"https:\/\/www.msprevention.fr\/index.php\/wp-json\/wp\/v2\/comments?post=42"}],"version-history":[{"count":37,"href":"https:\/\/www.msprevention.fr\/index.php\/wp-json\/wp\/v2\/pages\/42\/revisions"}],"predecessor-version":[{"id":1879,"href":"https:\/\/www.msprevention.fr\/index.php\/wp-json\/wp\/v2\/pages\/42\/revisions\/1879"}],"wp:attachment":[{"href":"https:\/\/www.msprevention.fr\/index.php\/wp-json\/wp\/v2\/media?parent=42"}],"curies":[{"name":"wp","href":"https:\/\/api.w.org\/{rel}","templated":true}]}}