{"id":324,"date":"2022-06-20T15:20:42","date_gmt":"2022-06-20T13:20:42","guid":{"rendered":"http:\/\/www.msprevention.fr\/?page_id=324"},"modified":"2022-06-20T15:50:18","modified_gmt":"2022-06-20T13:50:18","slug":"ils-nous-ont-fait-confiance","status":"publish","type":"page","link":"https:\/\/www.msprevention.fr\/index.php\/ils-nous-ont-fait-confiance\/","title":{"rendered":"Ils nous ont fait confiance"},"content":{"rendered":"\t\t<div data-elementor-type=\"wp-page\" data-elementor-id=\"324\" class=\"elementor elementor-324\">\r\n\t\t\t\t\t\t\t\t\t<section class=\"elementor-section elementor-top-section elementor-element elementor-element-3bd0d90 elementor-section-boxed elementor-section-height-default elementor-section-height-default\" data-id=\"3bd0d90\" data-element_type=\"section\">\r\n\t\t\t\t\t\t<div class=\"elementor-container elementor-column-gap-default\">\r\n\t\t\t\t\t<div class=\"elementor-column elementor-col-100 elementor-top-column elementor-element elementor-element-ae4db69\" data-id=\"ae4db69\" data-element_type=\"column\">\r\n\t\t\t<div class=\"elementor-widget-wrap elementor-element-populated\">\r\n\t\t\t\t\t\t\t\t\t<\/div>\r\n\t\t<\/div>\r\n\t\t\t\t\t\t\t<\/div>\r\n\t\t<\/section>\r\n\t\t\t\t<section class=\"elementor-section elementor-top-section elementor-element elementor-element-90d9438 elementor-section-boxed elementor-section-height-default elementor-section-height-default\" data-id=\"90d9438\" data-element_type=\"section\">\r\n\t\t\t\t\t\t<div class=\"elementor-container elementor-column-gap-default\">\r\n\t\t\t\t\t<div class=\"elementor-column elementor-col-100 elementor-top-column elementor-element elementor-element-9863630\" data-id=\"9863630\" data-element_type=\"column\">\r\n\t\t\t<div class=\"elementor-widget-wrap elementor-element-populated\">\r\n\t\t\t\t\t\t\t\t<div class=\"elementor-element elementor-element-d9802ba elementor-widget elementor-widget-image-gallery\" data-id=\"d9802ba\" data-element_type=\"widget\" data-widget_type=\"image-gallery.default\">\r\n\t\t\t\t<div class=\"elementor-widget-container\">\r\n\t\t\t<style>\/*! elementor - v3.9.2 - 21-12-2022 *\/\r\n.elementor-image-gallery .gallery-item{display:inline-block;text-align:center;vertical-align:top;width:100%;max-width:100%;margin:0 auto}.elementor-image-gallery .gallery-item img{margin:0 auto}.elementor-image-gallery .gallery-item .gallery-caption{margin:0}.elementor-image-gallery figure img{display:block}.elementor-image-gallery figure figcaption{width:100%}.gallery-spacing-custom .elementor-image-gallery .gallery-icon{padding:0}@media (min-width:768px){.elementor-image-gallery .gallery-columns-2 .gallery-item{max-width:50%}.elementor-image-gallery .gallery-columns-3 .gallery-item{max-width:33.33%}.elementor-image-gallery .gallery-columns-4 .gallery-item{max-width:25%}.elementor-image-gallery .gallery-columns-5 .gallery-item{max-width:20%}.elementor-image-gallery .gallery-columns-6 .gallery-item{max-width:16.666%}.elementor-image-gallery .gallery-columns-7 .gallery-item{max-width:14.28%}.elementor-image-gallery .gallery-columns-8 .gallery-item{max-width:12.5%}.elementor-image-gallery .gallery-columns-9 .gallery-item{max-width:11.11%}.elementor-image-gallery .gallery-columns-10 .gallery-item{max-width:10%}}@media (min-width:480px) and (max-width:767px){.elementor-image-gallery .gallery.gallery-columns-2 .gallery-item,.elementor-image-gallery .gallery.gallery-columns-3 .gallery-item,.elementor-image-gallery .gallery.gallery-columns-4 .gallery-item,.elementor-image-gallery .gallery.gallery-columns-5 .gallery-item,.elementor-image-gallery .gallery.gallery-columns-6 .gallery-item,.elementor-image-gallery .gallery.gallery-columns-7 .gallery-item,.elementor-image-gallery .gallery.gallery-columns-8 .gallery-item,.elementor-image-gallery .gallery.gallery-columns-9 .gallery-item,.elementor-image-gallery .gallery.gallery-columns-10 .gallery-item{max-width:50%}}@media (max-width:479px){.elementor-image-gallery .gallery.gallery-columns-2 .gallery-item,.elementor-image-gallery .gallery.gallery-columns-3 .gallery-item,.elementor-image-gallery .gallery.gallery-columns-4 .gallery-item,.elementor-image-gallery .gallery.gallery-columns-5 .gallery-item,.elementor-image-gallery .gallery.gallery-columns-6 .gallery-item,.elementor-image-gallery .gallery.gallery-columns-7 .gallery-item,.elementor-image-gallery .gallery.gallery-columns-8 .gallery-item,.elementor-image-gallery .gallery.gallery-columns-9 .gallery-item,.elementor-image-gallery .gallery.gallery-columns-10 .gallery-item{max-width:100%}}<\/style>\t\t<div class=\"elementor-image-gallery\">\r\n\t\t\t<div id='gallery-1' class='gallery galleryid-324 gallery-columns-4 gallery-size-medium'><dl class='gallery-item'>\n\t\t\t<dt class='gallery-icon landscape'>\n\t\t\t\t<a data-elementor-open-lightbox=\"yes\" data-elementor-lightbox-slideshow=\"d9802ba\" data-elementor-lightbox-title=\"logo CCI 35\" e-action-hash=\"#elementor-action%3Aaction%3Dlightbox%26settings%3DeyJpZCI6MzQwLCJ1cmwiOiJodHRwczpcL1wvd3d3Lm1zcHJldmVudGlvbi5mclwvd3AtY29udGVudFwvdXBsb2Fkc1wvMjAyMlwvMDZcL2xvZ28tQ0NJLTM1LnBuZyIsInNsaWRlc2hvdyI6ImQ5ODAyYmEifQ%3D%3D\" href='https:\/\/www.msprevention.fr\/wp-content\/uploads\/2022\/06\/logo-CCI-35.png'><img loading=\"lazy\" decoding=\"async\" width=\"214\" height=\"64\" src=\"https:\/\/www.msprevention.fr\/wp-content\/uploads\/2022\/06\/logo-CCI-35.png\" class=\"attachment-medium size-medium\" alt=\"\" aria-describedby=\"gallery-1-340\" \/><\/a>\n\t\t\t<\/dt>\n\t\t\t\t<dd class='wp-caption-text gallery-caption' id='gallery-1-340'>\n\t\t\t\tD\u00e9partement 35\n\t\t\t\t<\/dd><\/dl><dl class='gallery-item'>\n\t\t\t<dt class='gallery-icon portrait'>\n\t\t\t\t<a data-elementor-open-lightbox=\"yes\" data-elementor-lightbox-slideshow=\"d9802ba\" data-elementor-lightbox-title=\"IMAGE SELLOR\" e-action-hash=\"#elementor-action%3Aaction%3Dlightbox%26settings%3DeyJpZCI6MzM5LCJ1cmwiOiJodHRwczpcL1wvd3d3Lm1zcHJldmVudGlvbi5mclwvd3AtY29udGVudFwvdXBsb2Fkc1wvMjAyMlwvMDZcL0lNQUdFLVNFTExPUi5wbmciLCJzbGlkZXNob3ciOiJkOTgwMmJhIn0%3D\" href='https:\/\/www.msprevention.fr\/wp-content\/uploads\/2022\/06\/IMAGE-SELLOR.png'><img loading=\"lazy\" decoding=\"async\" width=\"237\" height=\"246\" src=\"https:\/\/www.msprevention.fr\/wp-content\/uploads\/2022\/06\/IMAGE-SELLOR.png\" class=\"attachment-medium size-medium\" alt=\"\" aria-describedby=\"gallery-1-339\" \/><\/a>\n\t\t\t<\/dt>\n\t\t\t\t<dd class='wp-caption-text gallery-caption' id='gallery-1-339'>\n\t\t\t\tLorient (56)\n\t\t\t\t<\/dd><\/dl><dl class='gallery-item'>\n\t\t\t<dt class='gallery-icon landscape'>\n\t\t\t\t<a data-elementor-open-lightbox=\"yes\" data-elementor-lightbox-slideshow=\"d9802ba\" data-elementor-lightbox-title=\"IMAGE MODE GARND OUEST\" e-action-hash=\"#elementor-action%3Aaction%3Dlightbox%26settings%3DeyJpZCI6MzM4LCJ1cmwiOiJodHRwczpcL1wvd3d3Lm1zcHJldmVudGlvbi5mclwvd3AtY29udGVudFwvdXBsb2Fkc1wvMjAyMlwvMDZcL0lNQUdFLU1PREUtR0FSTkQtT1VFU1QuanBnIiwic2xpZGVzaG93IjoiZDk4MDJiYSJ9\" href='https:\/\/www.msprevention.fr\/wp-content\/uploads\/2022\/06\/IMAGE-MODE-GARND-OUEST.jpg'><img loading=\"lazy\" decoding=\"async\" width=\"300\" height=\"150\" src=\"https:\/\/www.msprevention.fr\/wp-content\/uploads\/2022\/06\/IMAGE-MODE-GARND-OUEST-300x150.jpg\" class=\"attachment-medium size-medium\" alt=\"\" aria-describedby=\"gallery-1-338\" srcset=\"https:\/\/www.msprevention.fr\/wp-content\/uploads\/2022\/06\/IMAGE-MODE-GARND-OUEST-300x150.jpg 300w, https:\/\/www.msprevention.fr\/wp-content\/uploads\/2022\/06\/IMAGE-MODE-GARND-OUEST-768x384.jpg 768w, https:\/\/www.msprevention.fr\/wp-content\/uploads\/2022\/06\/IMAGE-MODE-GARND-OUEST.jpg 855w\" sizes=\"auto, (max-width: 300px) 100vw, 300px\" \/><\/a>\n\t\t\t<\/dt>\n\t\t\t\t<dd class='wp-caption-text gallery-caption' id='gallery-1-338'>\n\t\t\t\tCholet (49)\n\t\t\t\t<\/dd><\/dl><dl class='gallery-item'>\n\t\t\t<dt class='gallery-icon landscape'>\n\t\t\t\t<a data-elementor-open-lightbox=\"yes\" data-elementor-lightbox-slideshow=\"d9802ba\" data-elementor-lightbox-title=\"IMAGE GRIMAUD\" e-action-hash=\"#elementor-action%3Aaction%3Dlightbox%26settings%3DeyJpZCI6MzM3LCJ1cmwiOiJodHRwczpcL1wvd3d3Lm1zcHJldmVudGlvbi5mclwvd3AtY29udGVudFwvdXBsb2Fkc1wvMjAyMlwvMDZcL0lNQUdFLUdSSU1BVUQucG5nIiwic2xpZGVzaG93IjoiZDk4MDJiYSJ9\" href='https:\/\/www.msprevention.fr\/wp-content\/uploads\/2022\/06\/IMAGE-GRIMAUD.png'><img loading=\"lazy\" decoding=\"async\" width=\"300\" height=\"79\" src=\"https:\/\/www.msprevention.fr\/wp-content\/uploads\/2022\/06\/IMAGE-GRIMAUD-300x79.png\" class=\"attachment-medium size-medium\" alt=\"\" aria-describedby=\"gallery-1-337\" srcset=\"https:\/\/www.msprevention.fr\/wp-content\/uploads\/2022\/06\/IMAGE-GRIMAUD-300x79.png 300w, https:\/\/www.msprevention.fr\/wp-content\/uploads\/2022\/06\/IMAGE-GRIMAUD.png 572w\" sizes=\"auto, (max-width: 300px) 100vw, 300px\" \/><\/a>\n\t\t\t<\/dt>\n\t\t\t\t<dd class='wp-caption-text gallery-caption' id='gallery-1-337'>\n\t\t\t\tSt Andr\u00e9 de la Marche (49)\n\t\t\t\t<\/dd><\/dl><br style=\"clear: both\" \/><dl class='gallery-item'>\n\t\t\t<dt class='gallery-icon landscape'>\n\t\t\t\t<a data-elementor-open-lightbox=\"yes\" data-elementor-lightbox-slideshow=\"d9802ba\" data-elementor-lightbox-title=\"IMAGE COTEAUX NANTAIS\" e-action-hash=\"#elementor-action%3Aaction%3Dlightbox%26settings%3DeyJpZCI6MzM2LCJ1cmwiOiJodHRwczpcL1wvd3d3Lm1zcHJldmVudGlvbi5mclwvd3AtY29udGVudFwvdXBsb2Fkc1wvMjAyMlwvMDZcL0lNQUdFLUNPVEVBVVgtTkFOVEFJUy5qcGciLCJzbGlkZXNob3ciOiJkOTgwMmJhIn0%3D\" href='https:\/\/www.msprevention.fr\/wp-content\/uploads\/2022\/06\/IMAGE-COTEAUX-NANTAIS.jpg'><img loading=\"lazy\" decoding=\"async\" width=\"197\" height=\"101\" src=\"https:\/\/www.msprevention.fr\/wp-content\/uploads\/2022\/06\/IMAGE-COTEAUX-NANTAIS.jpg\" class=\"attachment-medium size-medium\" alt=\"\" aria-describedby=\"gallery-1-336\" \/><\/a>\n\t\t\t<\/dt>\n\t\t\t\t<dd class='wp-caption-text gallery-caption' id='gallery-1-336'>\n\t\t\t\tRemouill\u00e9 (44)\n\t\t\t\t<\/dd><\/dl><dl class='gallery-item'>\n\t\t\t<dt class='gallery-icon landscape'>\n\t\t\t\t<a data-elementor-open-lightbox=\"yes\" data-elementor-lightbox-slideshow=\"d9802ba\" data-elementor-lightbox-title=\"IMAGE CIB\" e-action-hash=\"#elementor-action%3Aaction%3Dlightbox%26settings%3DeyJpZCI6MzM1LCJ1cmwiOiJodHRwczpcL1wvd3d3Lm1zcHJldmVudGlvbi5mclwvd3AtY29udGVudFwvdXBsb2Fkc1wvMjAyMlwvMDZcL0lNQUdFLUNJQi5wbmciLCJzbGlkZXNob3ciOiJkOTgwMmJhIn0%3D\" href='https:\/\/www.msprevention.fr\/wp-content\/uploads\/2022\/06\/IMAGE-CIB.png'><img loading=\"lazy\" decoding=\"async\" width=\"137\" height=\"46\" src=\"https:\/\/www.msprevention.fr\/wp-content\/uploads\/2022\/06\/IMAGE-CIB.png\" class=\"attachment-medium size-medium\" alt=\"\" aria-describedby=\"gallery-1-335\" \/><\/a>\n\t\t\t<\/dt>\n\t\t\t\t<dd class='wp-caption-text gallery-caption' id='gallery-1-335'>\n\t\t\t\tBasse Goulaine (44)\n\t\t\t\t<\/dd><\/dl>\n\t\t\t<br style='clear: both' \/>\n\t\t<\/div>\n\t\t<\/div>\r\n\t\t\t\t<\/div>\r\n\t\t\t\t<\/div>\r\n\t\t\t\t\t<\/div>\r\n\t\t<\/div>\r\n\t\t\t\t\t\t\t<\/div>\r\n\t\t<\/section>\r\n\t\t\t\t\t\t\t<\/div>\r\n\t\t","protected":false},"excerpt":{"rendered":"<p>D\u00e9partement 35 Lorient (56) Cholet (49) St Andr\u00e9 de la Marche (49) Remouill\u00e9 (44) Basse Goulaine (44) D\u00e9partement 44<\/p>\n","protected":false},"author":2,"featured_media":0,"parent":0,"menu_order":0,"comment_status":"closed","ping_status":"closed","template":"page-templates\/template-pagebuilder-full-width.php","meta":{"neve_meta_sidebar":"","neve_meta_container":"","neve_meta_enable_content_width":"","neve_meta_content_width":0,"neve_meta_title_alignment":"","neve_meta_author_avatar":"","neve_post_elements_order":"","neve_meta_disable_header":"","neve_meta_disable_footer":"","neve_meta_disable_title":"","footnotes":""},"class_list":["post-324","page","type-page","status-publish","hentry"],"_links":{"self":[{"href":"https:\/\/www.msprevention.fr\/index.php\/wp-json\/wp\/v2\/pages\/324","targetHints":{"allow":["GET"]}}],"collection":[{"href":"https:\/\/www.msprevention.fr\/index.php\/wp-json\/wp\/v2\/pages"}],"about":[{"href":"https:\/\/www.msprevention.fr\/index.php\/wp-json\/wp\/v2\/types\/page"}],"author":[{"embeddable":true,"href":"https:\/\/www.msprevention.fr\/index.php\/wp-json\/wp\/v2\/users\/2"}],"replies":[{"embeddable":true,"href":"https:\/\/www.msprevention.fr\/index.php\/wp-json\/wp\/v2\/comments?post=324"}],"version-history":[{"count":7,"href":"https:\/\/www.msprevention.fr\/index.php\/wp-json\/wp\/v2\/pages\/324\/revisions"}],"predecessor-version":[{"id":344,"href":"https:\/\/www.msprevention.fr\/index.php\/wp-json\/wp\/v2\/pages\/324\/revisions\/344"}],"wp:attachment":[{"href":"https:\/\/www.msprevention.fr\/index.php\/wp-json\/wp\/v2\/media?parent=324"}],"curies":[{"name":"wp","href":"https:\/\/api.w.org\/{rel}","templated":true}]}}