{"id":150,"date":"2022-06-13T16:36:47","date_gmt":"2022-06-13T14:36:47","guid":{"rendered":"http:\/\/www.msprevention.fr\/?page_id=150"},"modified":"2024-01-10T16:09:04","modified_gmt":"2024-01-10T15:09:04","slug":"cgv","status":"publish","type":"page","link":"https:\/\/www.msprevention.fr\/index.php\/cgv\/","title":{"rendered":"CGV"},"content":{"rendered":"\t\t<div data-elementor-type=\"wp-page\" data-elementor-id=\"150\" class=\"elementor elementor-150\">\r\n\t\t\t\t\t\t\t\t\t<section class=\"elementor-section elementor-top-section elementor-element elementor-element-54810db7 elementor-section-boxed elementor-section-height-default elementor-section-height-default\" data-id=\"54810db7\" data-element_type=\"section\">\r\n\t\t\t\t\t\t<div class=\"elementor-container elementor-column-gap-default\">\r\n\t\t\t\t\t<div class=\"elementor-column elementor-col-100 elementor-top-column elementor-element elementor-element-4c8e9c46\" data-id=\"4c8e9c46\" data-element_type=\"column\">\r\n\t\t\t<div class=\"elementor-widget-wrap elementor-element-populated\">\r\n\t\t\t\t\t\t\t\t<div class=\"elementor-element elementor-element-745470b3 elementor-widget elementor-widget-text-editor\" data-id=\"745470b3\" data-element_type=\"widget\" data-widget_type=\"text-editor.default\">\r\n\t\t\t\t<div class=\"elementor-widget-container\">\r\n\t\t\t<style>\/*! elementor - v3.9.2 - 21-12-2022 *\/\r\n.elementor-widget-text-editor.elementor-drop-cap-view-stacked .elementor-drop-cap{background-color:#818a91;color:#fff}.elementor-widget-text-editor.elementor-drop-cap-view-framed .elementor-drop-cap{color:#818a91;border:3px solid;background-color:transparent}.elementor-widget-text-editor:not(.elementor-drop-cap-view-default) .elementor-drop-cap{margin-top:8px}.elementor-widget-text-editor:not(.elementor-drop-cap-view-default) .elementor-drop-cap-letter{width:1em;height:1em}.elementor-widget-text-editor .elementor-drop-cap{float:left;text-align:center;line-height:1;font-size:50px}.elementor-widget-text-editor .elementor-drop-cap-letter{display:inline-block}<\/style>\t\t\t\t<!-- wp:paragraph -->\n<p><strong>T\u00e9l\u00e9charger les Conditions G\u00e9n\u00e9rales de Vente<\/strong><\/p>\n<!-- \/wp:paragraph --><!-- wp:file {\"id\":151,\"href\":\"http:\/\/www.msprevention.fr\/wp-content\/uploads\/2022\/06\/MS-ENR-43-CONDITIONS-GENERALES-DE-VENTE-V4.pdf\",\"displayPreview\":true} -->\n<div class=\"wp-block-file\"><a id=\"wp-block-file--media-da11fbc5-ca53-4e13-8409-44c145a6e264\" href=\"http:\/\/www.msprevention.fr\/wp-content\/uploads\/2022\/06\/MS-ENR-43-CONDITIONS-GENERALES-DE-VENTE-V4.pdf\">MS-ENR-43-CONDITIONS-GENERALES-DE-VENTE-V4<\/a><a class=\"wp-block-file__button\" href=\"http:\/\/www.msprevention.fr\/wp-content\/uploads\/2022\/06\/MS-ENR-43-CONDITIONS-GENERALES-DE-VENTE-V4.pdf\" download=\"\" aria-describedby=\"wp-block-file--media-da11fbc5-ca53-4e13-8409-44c145a6e264\">T\u00e9l\u00e9charger<\/a><\/div>\n<!-- \/wp:file -->\t\t\t\t\t\t<\/div>\r\n\t\t\t\t<\/div>\r\n\t\t\t\t\t<\/div>\r\n\t\t<\/div>\r\n\t\t\t\t\t\t\t<\/div>\r\n\t\t<\/section>\r\n\t\t\t\t\t\t\t<\/div>\r\n\t\t","protected":false},"excerpt":{"rendered":"<p>T\u00e9l\u00e9charger les Conditions G\u00e9n\u00e9rales de Vente<\/p>\n","protected":false},"author":2,"featured_media":0,"parent":0,"menu_order":0,"comment_status":"closed","ping_status":"closed","template":"","meta":{"neve_meta_sidebar":"","neve_meta_container":"","neve_meta_enable_content_width":"","neve_meta_content_width":0,"neve_meta_title_alignment":"","neve_meta_author_avatar":"","neve_post_elements_order":"","neve_meta_disable_header":"","neve_meta_disable_footer":"","neve_meta_disable_title":"","footnotes":""},"class_list":["post-150","page","type-page","status-publish","hentry"],"_links":{"self":[{"href":"https:\/\/www.msprevention.fr\/index.php\/wp-json\/wp\/v2\/pages\/150","targetHints":{"allow":["GET"]}}],"collection":[{"href":"https:\/\/www.msprevention.fr\/index.php\/wp-json\/wp\/v2\/pages"}],"about":[{"href":"https:\/\/www.msprevention.fr\/index.php\/wp-json\/wp\/v2\/types\/page"}],"author":[{"embeddable":true,"href":"https:\/\/www.msprevention.fr\/index.php\/wp-json\/wp\/v2\/users\/2"}],"replies":[{"embeddable":true,"href":"https:\/\/www.msprevention.fr\/index.php\/wp-json\/wp\/v2\/comments?post=150"}],"version-history":[{"count":4,"href":"https:\/\/www.msprevention.fr\/index.php\/wp-json\/wp\/v2\/pages\/150\/revisions"}],"predecessor-version":[{"id":1575,"href":"https:\/\/www.msprevention.fr\/index.php\/wp-json\/wp\/v2\/pages\/150\/revisions\/1575"}],"wp:attachment":[{"href":"https:\/\/www.msprevention.fr\/index.php\/wp-json\/wp\/v2\/media?parent=150"}],"curies":[{"name":"wp","href":"https:\/\/api.w.org\/{rel}","templated":true}]}}